{"id":179,"date":"2022-11-15T19:42:27","date_gmt":"2022-11-15T18:42:27","guid":{"rendered":"https:\/\/pszczelarz.tv\/?page_id=179"},"modified":"2022-11-15T19:45:24","modified_gmt":"2022-11-15T18:45:24","slug":"o-mnie","status":"publish","type":"page","link":"https:\/\/pszczelarz.tv\/index.php\/o-mnie\/","title":{"rendered":"O mnie&#8230;"},"content":{"rendered":"<table border=\"0\" style=\"border: none;\">\n<tr>\n<td width=\"300\" style=\"vertical-align: top; border: none;\"><img loading=\"lazy\" decoding=\"async\" class=\"alignleft size-medium wp-image-180\" src=\"https:\/\/pszczelarz.tv\/wp-content\/uploads\/2022\/11\/yellow_logo-300x300.jpg\" alt=\"\" width=\"300\" height=\"300\" srcset=\"https:\/\/pszczelarz.tv\/wp-content\/uploads\/2022\/11\/yellow_logo-300x300.jpg 300w, https:\/\/pszczelarz.tv\/wp-content\/uploads\/2022\/11\/yellow_logo-1024x1024.jpg 1024w, https:\/\/pszczelarz.tv\/wp-content\/uploads\/2022\/11\/yellow_logo-150x150.jpg 150w, https:\/\/pszczelarz.tv\/wp-content\/uploads\/2022\/11\/yellow_logo-768x768.jpg 768w, https:\/\/pszczelarz.tv\/wp-content\/uploads\/2022\/11\/yellow_logo-75x75.jpg 75w, https:\/\/pszczelarz.tv\/wp-content\/uploads\/2022\/11\/yellow_logo.jpg 1080w\" sizes=\"auto, (max-width: 300px) 100vw, 300px\" \/><\/td>\n<td valign=\"top\" style=\"vertical-align: top; border: none;\">\nCze\u015b\u0107! Jest mi niezmiernie mi\u0142o, \u017ce trafi\u0142e\u015b na t\u0119 stron\u0119!<\/p>\n<p>Pozw\u00f3l, \u017ce si\u0119 przedstawi\u0119 i pokr\u00f3tce opowiem o sobie.<\/p>\n<p>Mam na imi\u0119 Wojciech i mieszkam w W\u0105chocku. Pomimo tego, \u017ce jestem tzw. &#8222;miastowym&#8221;, bo urodzi\u0142em si\u0119 w Gliwicach w wojew\u00f3dztwie \u015bl\u0105skim gdzie sp\u0119dzi\u0142em pierwsze 25 lat mojego \u017cycia, to finalnie &#8222;wywia\u0142o mnie&#8221; na wie\u015b do W\u0105chocka i tutaj prowadz\u0119 o wiele spokojniejsze \u017cycie bez codziennego, miastowego galopu.<\/p>\n<p>Przez wiele lat pracowa\u0142em jako informatyk, freelancer prowadz\u0105c min. najwi\u0119kszy w Polsce serwer MMORPG Lineage II, p\u00f3\u017aniej jeden z wi\u0119kszych serwer\u00f3w skyblockowych Minecrafta. Pisa\u0142em programy w Java, tworzy\u0142em strony www, ale przez ca\u0142y czas nie czu\u0142em, \u017ce jest to co\u015b co chcia\u0142bym robi\u0107 d\u0142u\u017cszy czas.<\/p>\n<p>Kiedy\u015b ogl\u0105daj\u0105c program popularnonaukowy o pszczo\u0142ach na Planete postanowi\u0142em zosta\u0107 pszczelarzem. W kr\u00f3tkim, p\u00f3\u0142godzinnym programie zobaczy\u0142em jak wspania\u0142e i fascynuj\u0105ce s\u0105 to owady. Zacz\u0105\u0142em zg\u0142\u0119bia\u0107 wiedz\u0119 na ich temat czytaj\u0105c r\u00f3\u017cnego rodzaju ksi\u0105\u017cki, gazety, internetowe blogi oraz ogl\u0105daj\u0105c filmy w internecie kr\u0119cone przez pszczelarzy. Tak mnie to wci\u0105gn\u0119\u0142o, \u017ce po dw\u00f3ch latach zapisa\u0142em si\u0119 do Technikum Pszczelarskiego w Pszczelej Woli pod Lublinem, i po zdobyciu odpowiedniej dawki wiedzy odwa\u017cy\u0142em si\u0119 za\u0142o\u017cy\u0107 w\u0142asn\u0105 pasiek\u0119. Kupi\u0142em pierwsze trzy ule, pszczo\u0142y i tak zacz\u0119\u0142a si\u0119 moja przygoda, kt\u00f3ra twa do dzi\u015b.<\/p>\n<p>Wreszcie robi\u0119 co\u015b co sprawia mi przyjemno\u015b\u0107 i jest nie tylko pasj\u0105 ale r\u00f3wnie\u017c sposobem na \u017cycie. Po kilku latach rozwijania pasieki postanowi\u0142em otworzy\u0107 sklep z akcesoriami dla pszczelarzy, kt\u00f3ry r\u00f3wnie\u017c pr\u0119\u017cnie si\u0119 rozwija. Pomagam innym osobom za\u0142o\u017cy\u0107 pasieki, prowadzi\u0107 pasieki, a klientom mojego sklepu zawsze s\u0142u\u017c\u0119 rad\u0105 i pomoc\u0105.<\/p>\n<p>Po jakim\u015b czasie otworzy\u0142em profil na TikToku gdzie wrzuca\u0142em r\u00f3\u017cnego rodzaju ciekawostki o pszczo\u0142ach tak by inne osoby r\u00f3wnie\u017c zafascynowa\u0107 tym tematem. Okaza\u0142o si\u0119, \u017ce zar\u00f3wno kana\u0142 jak i publikowane przeze mnie filmy s\u0105 pozytywnie oceniane przez ogl\u0105daj\u0105cych. W p\u00f3\u017aniejszym czasie zacz\u0105\u0142em publikowa\u0107 odpowiedzi na filmy, porady z pasieki i tak uda\u0142o mi si\u0119 zdoby\u0107 spor\u0105 publiczno\u015b\u0107.<\/p>\n<p>Otworzy\u0142em kana\u0142 na yt gdzie wrzucam d\u0142u\u017csze formy porad, przepis\u00f3w kt\u00f3re nie mieszcz\u0105 si\u0119 w Tiktokowych ramach kr\u00f3tkich film\u00f3w.\n<\/td>\n<\/tr>\n<\/table>\n","protected":false},"excerpt":{"rendered":"<p>Cze\u015b\u0107! Jest mi niezmiernie mi\u0142o, \u017ce trafi\u0142e\u015b na t\u0119 stron\u0119! Pozw\u00f3l, \u017ce si\u0119 przedstawi\u0119 i pokr\u00f3tce opowiem o sobie. Mam na imi\u0119 Wojciech i mieszkam w W\u0105chocku. Pomimo tego, \u017ce jestem tzw. &#8222;miastowym&#8221;, bo urodzi\u0142em si\u0119 w Gliwicach w wojew\u00f3dztwie \u015bl\u0105skim gdzie sp\u0119dzi\u0142em pierwsze 25 lat mojego \u017cycia, to finalnie &#8222;wywia\u0142o mnie&#8221; na wie\u015b do [&hellip;]<\/p>\n","protected":false},"author":1,"featured_media":0,"parent":0,"menu_order":0,"comment_status":"closed","ping_status":"closed","template":"","meta":{"footnotes":""},"class_list":["post-179","page","type-page","status-publish","hentry"],"_links":{"self":[{"href":"https:\/\/pszczelarz.tv\/index.php\/wp-json\/wp\/v2\/pages\/179","targetHints":{"allow":["GET"]}}],"collection":[{"href":"https:\/\/pszczelarz.tv\/index.php\/wp-json\/wp\/v2\/pages"}],"about":[{"href":"https:\/\/pszczelarz.tv\/index.php\/wp-json\/wp\/v2\/types\/page"}],"author":[{"embeddable":true,"href":"https:\/\/pszczelarz.tv\/index.php\/wp-json\/wp\/v2\/users\/1"}],"replies":[{"embeddable":true,"href":"https:\/\/pszczelarz.tv\/index.php\/wp-json\/wp\/v2\/comments?post=179"}],"version-history":[{"count":6,"href":"https:\/\/pszczelarz.tv\/index.php\/wp-json\/wp\/v2\/pages\/179\/revisions"}],"predecessor-version":[{"id":187,"href":"https:\/\/pszczelarz.tv\/index.php\/wp-json\/wp\/v2\/pages\/179\/revisions\/187"}],"wp:attachment":[{"href":"https:\/\/pszczelarz.tv\/index.php\/wp-json\/wp\/v2\/media?parent=179"}],"curies":[{"name":"wp","href":"https:\/\/api.w.org\/{rel}","templated":true}]}}