{"id":191,"date":"2022-11-15T20:26:25","date_gmt":"2022-11-15T19:26:25","guid":{"rendered":"https:\/\/pszczelarz.tv\/?page_id=191"},"modified":"2022-11-15T21:43:11","modified_gmt":"2022-11-15T20:43:11","slug":"szkolenie","status":"publish","type":"page","link":"https:\/\/pszczelarz.tv\/index.php\/szkolenie\/","title":{"rendered":"Szkolenie"},"content":{"rendered":"<div align=\"center\" style=\"height: 100%; width: 90%;\">\n  \n  \n  <div class=\"\n    mailpoet_form_popup_overlay\n      \"><\/div>\n  <div\n    id=\"mailpoet_form_2\"\n    class=\"\n      mailpoet_form\n      mailpoet_form_shortcode\n      mailpoet_form_position_\n      mailpoet_form_animation_\n    \"\n      >\n\n    <style type=\"text\/css\">\n     #mailpoet_form_2 .mailpoet_form {  }\n#mailpoet_form_2 form { margin-bottom: 0; }\n#mailpoet_form_2 ::placeholder { color: black; }\n#mailpoet_form_2 .mailpoet_column_with_background { padding: 0px; }\n#mailpoet_form_2 .wp-block-column:not(:first-child), #mailpoet_form_2 .mailpoet_form_column:not(:first-child) { padding: 0 20px; }\n#mailpoet_form_2 .mailpoet_form_column:not(:first-child) { margin-left: 0; }\n#mailpoet_form_2 h2.mailpoet-heading { margin: 0 0 20px 0; }\n#mailpoet_form_2 .mailpoet_paragraph { line-height: 20px; margin-bottom: 20px; }\n#mailpoet_form_2 .mailpoet_segment_label, #mailpoet_form_2 .mailpoet_text_label, #mailpoet_form_2 .mailpoet_textarea_label, #mailpoet_form_2 .mailpoet_select_label, #mailpoet_form_2 .mailpoet_radio_label, #mailpoet_form_2 .mailpoet_checkbox_label, #mailpoet_form_2 .mailpoet_list_label, #mailpoet_form_2 .mailpoet_date_label { display: block; font-weight: normal; }\n#mailpoet_form_2 .mailpoet_text, #mailpoet_form_2 .mailpoet_textarea, #mailpoet_form_2 .mailpoet_select, #mailpoet_form_2 .mailpoet_date_month, #mailpoet_form_2 .mailpoet_date_day, #mailpoet_form_2 .mailpoet_date_year, #mailpoet_form_2 .mailpoet_date { display: block; }\n#mailpoet_form_2 .mailpoet_text, #mailpoet_form_2 .mailpoet_textarea { width: 200px; }\n#mailpoet_form_2 .mailpoet_checkbox {  }\n#mailpoet_form_2 .mailpoet_submit {  }\n#mailpoet_form_2 .mailpoet_divider {  }\n#mailpoet_form_2 .mailpoet_message {  }\n#mailpoet_form_2 .mailpoet_form_loading { width: 30px; text-align: center; line-height: normal; }\n#mailpoet_form_2 .mailpoet_form_loading > span { width: 5px; height: 5px; background-color: #5b5b5b; }#mailpoet_form_2{border-radius: 0px;background: linear-gradient(230deg,rgba(255,159,218,0.7) 0%,rgb(255,255,255) 32%);color: #1e1e1e;text-align: left;}#mailpoet_form_2 form.mailpoet_form {padding: 0px;}#mailpoet_form_2{width: 800px;}#mailpoet_form_2 .mailpoet_message {margin: 0; padding: 0 20px;}\n        #mailpoet_form_2 .mailpoet_validate_success {color: #00d084}\n        #mailpoet_form_2 input.parsley-success {color: #00d084}\n        #mailpoet_form_2 select.parsley-success {color: #00d084}\n        #mailpoet_form_2 textarea.parsley-success {color: #00d084}\n      \n        #mailpoet_form_2 .mailpoet_validate_error {color: #cf2e2e}\n        #mailpoet_form_2 input.parsley-error {color: #cf2e2e}\n        #mailpoet_form_2 select.parsley-error {color: #cf2e2e}\n        #mailpoet_form_2 textarea.textarea.parsley-error {color: #cf2e2e}\n        #mailpoet_form_2 .parsley-errors-list {color: #cf2e2e}\n        #mailpoet_form_2 .parsley-required {color: #cf2e2e}\n        #mailpoet_form_2 .parsley-custom-error-message {color: #cf2e2e}\n      #mailpoet_form_2 .mailpoet_paragraph.last {margin-bottom: 0} @media (max-width: 500px) {#mailpoet_form_2 {background: linear-gradient(230deg,rgba(255,159,218,0.7) 0%,rgb(255,255,255) 32%);}} @media (min-width: 500px) {#mailpoet_form_2 .last .mailpoet_paragraph:last-child {margin-bottom: 0}}  @media (max-width: 500px) {#mailpoet_form_2 .mailpoet_form_column:last-child .mailpoet_paragraph:last-child {margin-bottom: 0}} \n    <\/style>\n\n    <form\n      target=\"_self\"\n      method=\"post\"\n      action=\"https:\/\/pszczelarz.tv\/wp-admin\/admin-post.php?action=mailpoet_subscription_form\"\n      class=\"mailpoet_form mailpoet_form_form mailpoet_form_shortcode\"\n      novalidate\n      data-delay=\"\"\n      data-exit-intent-enabled=\"\"\n      data-font-family=\"\"\n      data-cookie-expiration-time=\"\"\n    >\n      <input type=\"hidden\" name=\"data[form_id]\" value=\"2\" \/>\n      <input type=\"hidden\" name=\"token\" value=\"2df7926a6f\" \/>\n      <input type=\"hidden\" name=\"api_version\" value=\"v1\" \/>\n      <input type=\"hidden\" name=\"endpoint\" value=\"subscribers\" \/>\n      <input type=\"hidden\" name=\"mailpoet_method\" value=\"subscribe\" \/>\n\n      <label class=\"mailpoet_hp_email_label\" style=\"display: none !important;\">Zostaw to pole puste<input type=\"email\" name=\"data[email]\"\/><\/label><div class='mailpoet_form_columns_container'><div class=\"mailpoet_form_columns mailpoet_paragraph mailpoet_stack_on_mobile\"><div class=\"mailpoet_form_column\" style=\"flex-basis:50%;\"><div class=\"mailpoet_form_image is-style-default\"><figure class=\"size-full\"><img loading=\"lazy\" decoding=\"async\" width=\"400\" height=\"600\" src=\"https:\/\/pszczelarz.tv\/wp-content\/uploads\/2022\/11\/5_krokow.jpg\" alt class=\"wp-image-190\" srcset=\"https:\/\/pszczelarz.tv\/wp-content\/uploads\/2022\/11\/5_krokow.jpg 400w, https:\/\/pszczelarz.tv\/wp-content\/uploads\/2022\/11\/5_krokow-200x300.jpg 200w\"><\/figure><\/div>\n<\/div>\n<div class=\"mailpoet_form_column\" style=\"flex-basis:50%;background:linear-gradient(135deg,rgb(255,210,74) 2%,rgb(223,223,223) 100%);;\"><div class='mailpoet_spacer' style='height: 1px;'><\/div>\n<h3 class=\"mailpoet-heading  mailpoet-has-font-size\" style=\"text-align: left; font-size: 25px\"><strong>W\u0141ASNE ULE ?<\/strong><\/h3>\n<p class=\"mailpoet_form_paragraph  mailpoet-has-font-size\" style=\"text-align: left; color: #1e1e1e; font-size: 16px\"><span style=\"font-family: Trebuchet MS\" data-font=\"Trebuchet MS\" class=\"mailpoet-has-font\">Je\u017celi ciekawi Ci\u0119 temat pszcz\u00f3\u0142, w\u0142asnej pasieki, rozwa\u017casz zaj\u0119cie si\u0119 pszczo\u0142ami i zakup w\u0142asnych uli - <strong>zapisz si\u0119<\/strong> na specjaln\u0105 list\u0119 os\u00f3b zainteresowanych szkoleniem z zakresu <span style=\"font-family: Trebuchet MS\" data-font=\"Trebuchet MS\" class=\"mailpoet-has-font\"><strong>tworzenia pasieki<\/strong><\/span><\/span>! <\/p>\n<p class=\"mailpoet_form_paragraph  mailpoet-has-font-size\" style=\"text-align: left; color: #1e1e1e; font-size: 16px\"><span style=\"font-family: Trebuchet MS\" data-font=\"Trebuchet MS\" class=\"mailpoet-has-font\">Gdy tylko ustalimy termin szkolenia b\u0119dziemy mogli Ci\u0119 poinformowa\u0107 i zaprosi\u0107 na konkretn\u0105 platform\u0119 szkoleniow\u0105!<\/span><\/p>\n<div class=\"mailpoet_paragraph \"><input type=\"text\" autocomplete=\"given-name\" class=\"mailpoet_text\" id=\"form_first_name_2\" name=\"data[form_field_MzBjZjNmYmE3NWM4X2ZpcnN0X25hbWU=]\" title=\"Twoje imie\/pseudonim\" value=\"\" style=\"width:100%;box-sizing:border-box;padding:10px;margin: 0 auto 0 0;font-family:&#039;Cairo&#039;;font-size:15px;line-height:1.5;height:auto;\" data-automation-id=\"form_first_name\"  placeholder=\"Twoje imie\/pseudonim *\" aria-label=\"Twoje imie\/pseudonim *\" data-parsley-errors-container=\".mailpoet_error_w8x2p\" data-parsley-names='[&quot;Podaj prawid\u0142ow\u0105 nazw\u0119.&quot;,&quot;Adresy w nazwach s\u0105 niedozwolone, zamiast tego dodaj swoje imi\u0119 i nazwisko.&quot;]' data-parsley-required=\"true\" required aria-required=\"true\" data-parsley-required-message=\"To pole jest wymagane.\"\/><span class=\"mailpoet_error_w8x2p\"><\/span><\/div>\n<div class=\"mailpoet_paragraph \"><input type=\"email\" autocomplete=\"email\" class=\"mailpoet_text\" id=\"form_email_2\" name=\"data[form_field_OWNmOTFhNWM1MmQwX2VtYWls]\" title=\"Tw\u00f3j adres email\" value=\"\" style=\"width:100%;box-sizing:border-box;padding:10px;margin: 0 auto 0 0;font-family:&#039;Cairo&#039;;font-size:15px;line-height:1.5;height:auto;\" data-automation-id=\"form_email\"  placeholder=\"Tw\u00f3j adres email *\" aria-label=\"Tw\u00f3j adres email *\" data-parsley-errors-container=\".mailpoet_error_1uor6\" data-parsley-required=\"true\" required aria-required=\"true\" data-parsley-minlength=\"6\" data-parsley-maxlength=\"150\" data-parsley-type-message=\"Ta warto\u015b\u0107 powinna by\u0107 prawid\u0142owym adresem e-mail.\" data-parsley-required-message=\"To pole jest wymagane.\"\/><span class=\"mailpoet_error_1uor6\"><\/span><\/div>\n<div class=\"mailpoet_paragraph \"><input type=\"submit\" class=\"mailpoet_submit\" value=\"Zapisz si\u0119 na list\u0119!\" data-automation-id=\"subscribe-submit-button\" data-font-family='Cairo' style=\"width:100%;box-sizing:border-box;background-color:#ff6900;border-style:solid;border-radius:5px !important;border-width:0px;border-color:#313131;padding:10px;margin: 0 auto 0 0;font-family:&#039;Cairo&#039;;font-size:15px;line-height:1.5;height:auto;color:#ffffff;font-weight:bold;\" \/><span class=\"mailpoet_form_loading\"><span class=\"mailpoet_bounce1\"><\/span><span class=\"mailpoet_bounce2\"><\/span><span class=\"mailpoet_bounce3\"><\/span><\/span><\/div>\n<\/div>\n<\/div><\/div>\n\n      <div class=\"mailpoet_message\">\n        <p class=\"mailpoet_validate_success\"\n                style=\"display:none;\"\n                >Sprawd\u017a poczt\u0119 przychodz\u0105c\u0105. Je\u017celi nie znajdziesz w niej wiadomo\u015bci od nas, sprawd\u017a r\u00f3wnie\u017c folder SPAM.\n        <\/p>\n        <p class=\"mailpoet_validate_error\"\n                style=\"display:none;\"\n                >        <\/p>\n      <\/div>\n    <\/form>\n\n      <\/div>\n\n  \n<\/div>\n","protected":false},"excerpt":{"rendered":"","protected":false},"author":1,"featured_media":0,"parent":0,"menu_order":0,"comment_status":"closed","ping_status":"closed","template":"","meta":{"footnotes":""},"class_list":["post-191","page","type-page","status-publish","hentry"],"_links":{"self":[{"href":"https:\/\/pszczelarz.tv\/index.php\/wp-json\/wp\/v2\/pages\/191","targetHints":{"allow":["GET"]}}],"collection":[{"href":"https:\/\/pszczelarz.tv\/index.php\/wp-json\/wp\/v2\/pages"}],"about":[{"href":"https:\/\/pszczelarz.tv\/index.php\/wp-json\/wp\/v2\/types\/page"}],"author":[{"embeddable":true,"href":"https:\/\/pszczelarz.tv\/index.php\/wp-json\/wp\/v2\/users\/1"}],"replies":[{"embeddable":true,"href":"https:\/\/pszczelarz.tv\/index.php\/wp-json\/wp\/v2\/comments?post=191"}],"version-history":[{"count":10,"href":"https:\/\/pszczelarz.tv\/index.php\/wp-json\/wp\/v2\/pages\/191\/revisions"}],"predecessor-version":[{"id":206,"href":"https:\/\/pszczelarz.tv\/index.php\/wp-json\/wp\/v2\/pages\/191\/revisions\/206"}],"wp:attachment":[{"href":"https:\/\/pszczelarz.tv\/index.php\/wp-json\/wp\/v2\/media?parent=191"}],"curies":[{"name":"wp","href":"https:\/\/api.w.org\/{rel}","templated":true}]}}